{"id":567,"date":"2022-08-17T17:06:09","date_gmt":"2022-08-17T17:06:09","guid":{"rendered":"https:\/\/minimabistro.tarnaweb.eu\/?page_id=567"},"modified":"2022-09-21T14:55:44","modified_gmt":"2022-09-21T14:55:44","slug":"ettermunk","status":"publish","type":"page","link":"https:\/\/minimabistro.tarnaweb.eu\/en\/ettermunk\/","title":{"rendered":"our restaurant"},"content":{"rendered":"<div data-elementor-type=\"wp-page\" data-elementor-id=\"567\" class=\"elementor elementor-567\" data-elementor-post-type=\"page\">\n\t\t\t\t<div class=\"elementor-element elementor-element-ed37504 e-con-full e-flex e-con e-parent\" data-id=\"ed37504\" data-element_type=\"container\">\n\t\t\t\t<div class=\"elementor-element elementor-element-3b9ef24 elementor-widget__width-inherit elementor-widget elementor-widget-video\" data-id=\"3b9ef24\" data-element_type=\"widget\" data-settings=\"{&quot;video_type&quot;:&quot;hosted&quot;,&quot;autoplay&quot;:&quot;yes&quot;,&quot;play_on_mobile&quot;:&quot;yes&quot;,&quot;mute&quot;:&quot;yes&quot;,&quot;loop&quot;:&quot;yes&quot;}\" data-widget_type=\"video.default\">\n\t\t\t\t<div class=\"elementor-widget-container\">\n\t\t\t\t\t\t\t<div class=\"e-hosted-video elementor-wrapper elementor-open-inline\">\n\t\t\t\t\t<video class=\"elementor-video\" src=\"https:\/\/minimabistro.tarnaweb.eu\/wp-content\/uploads\/2022\/09\/BISTRO_WEB_HATTER_TEREM.mp4\" autoplay=\"\" loop=\"\" muted=\"muted\" playsinline=\"\" controlslist=\"nodownload\"><\/video>\n\t\t\t\t<\/div>\n\t\t\t\t\t\t<\/div>\n\t\t\t\t<\/div>\n\t\t\t\t<\/div>\n\t\t<div class=\"elementor-element elementor-element-0839fde e-con-full e-flex e-con e-parent\" data-id=\"0839fde\" data-element_type=\"container\">\n\t\t<div class=\"elementor-element elementor-element-94e9dda e-con-full e-flex e-con e-parent\" data-id=\"94e9dda\" data-element_type=\"container\">\n\t\t\t\t<div class=\"elementor-element elementor-element-493582a elementor-widget elementor-widget-text-editor\" data-id=\"493582a\" data-element_type=\"widget\" data-widget_type=\"text-editor.default\">\n\t\t\t\t<div class=\"elementor-widget-container\">\n\t\t\t\t\t\t\t\t\t<p>tel: +36 70 304 5375<\/p>\t\t\t\t\t\t\t\t<\/div>\n\t\t\t\t<\/div>\n\t\t\t\t<\/div>\n\t\t<div class=\"elementor-element elementor-element-01d1ca3 e-con-full e-flex e-con e-parent\" data-id=\"01d1ca3\" data-element_type=\"container\">\n\t\t\t\t<div class=\"elementor-element elementor-element-b48303c elementor-widget elementor-widget-text-editor\" data-id=\"b48303c\" data-element_type=\"widget\" data-widget_type=\"text-editor.default\">\n\t\t\t\t<div class=\"elementor-widget-container\">\n\t\t\t\t\t\t\t\t\t<p>reservation@minimabistro.tarnaweb.eu<\/p>\t\t\t\t\t\t\t\t<\/div>\n\t\t\t\t<\/div>\n\t\t\t\t<\/div>\n\t\t<div class=\"elementor-element elementor-element-e7ad0a0 e-con-full e-flex e-con e-parent\" data-id=\"e7ad0a0\" data-element_type=\"container\">\n\t\t\t\t<div class=\"elementor-element elementor-element-1f31875 elementor-widget elementor-widget-text-editor\" data-id=\"1f31875\" data-element_type=\"widget\" data-widget_type=\"text-editor.default\">\n\t\t\t\t<div class=\"elementor-widget-container\">\n\t\t\t\t\t\t\t\t\t<p>1056 Budapest, Belgr\u00e1d rkp. 12.<\/p>\t\t\t\t\t\t\t\t<\/div>\n\t\t\t\t<\/div>\n\t\t\t\t<\/div>\n\t\t\t\t<\/div>\n\t\t<div class=\"elementor-element elementor-element-e5041dc e-flex e-con-boxed e-con e-parent\" data-id=\"e5041dc\" data-element_type=\"container\">\n\t\t\t\t\t<div class=\"e-con-inner\">\n\t\t\t\t<div class=\"elementor-element elementor-element-4324cea elementor-widget elementor-widget-heading\" data-id=\"4324cea\" data-element_type=\"widget\" data-widget_type=\"heading.default\">\n\t\t\t\t<div class=\"elementor-widget-container\">\n\t\t\t\t\t<h2 class=\"elementor-heading-title elementor-size-default\">Our restaurant<\/h2>\t\t\t\t<\/div>\n\t\t\t\t<\/div>\n\t\t\t\t<div class=\"elementor-element elementor-element-36c258f elementor-widget elementor-widget-text-editor\" data-id=\"36c258f\" data-element_type=\"widget\" data-widget_type=\"text-editor.default\">\n\t\t\t\t<div class=\"elementor-widget-container\">\n\t\t\t\t\t\t\t\t\t<p>M\u00ednima Bistro is the manifestation of a longlasting desire of the owner of Dionysos Taverna to not only recall the atmosphere and cuisine of a particular country, but to freely recreate a unique taste experience and a vibe of lifestyle, combining the Mediterranean flavours he has experienced during his travels, which will remain a pleasant memory for our guests even after they have left, and enjoyed the Mediterranean-inspired dishes with the wonderful panoramic view of the Danube.<\/p>\t\t\t\t\t\t\t\t<\/div>\n\t\t\t\t<\/div>\n\t\t\t\t\t<\/div>\n\t\t\t\t<\/div>\n\t\t\t\t<\/div>","protected":false},"excerpt":{"rendered":"<p>https:\/\/minimabistro.tarnaweb.eu\/wp-content\/uploads\/2022\/09\/BISTRO_WEB_HATTER_TEREM.mp4 tel: +36 70 304 5375 reservation@minimabistro.tarnaweb.eu 1056 Budapest, Belgr\u00e1d rkp. 12. \u00c9tterm\u00fcnk A M\u00ednima Bistro a Dionysos Taverna tulajdonos\u00e1nak egy r\u00e9gi v\u00e1gy\u00e1t testes\u00edti meg, mellyel c\u00e9lja, hogy ne csup\u00e1n egy adott orsz\u00e1g hangulat\u00e1t \u00e9s \u00e9teleit id\u00e9zz\u00fck meg, hanem az utaz\u00e1sai sor\u00e1n megtapasztalt mediterr\u00e1n \u00edzeket szabadon kombin\u00e1lva alkossunk maradand\u00f3 \u00edz\u00e9lm\u00e9nyt \u00e9s \u00e9let\u00e9rz\u00e9st, mely a t\u00e1voz\u00e1s &#8230; <a title=\"our restaurant\" class=\"read-more\" href=\"https:\/\/minimabistro.tarnaweb.eu\/en\/ettermunk\/\" aria-label=\"Read more about \u00e9tterm\u00fcnk\">Read more<\/a><\/p>","protected":false},"author":1,"featured_media":0,"parent":0,"menu_order":0,"comment_status":"closed","ping_status":"closed","template":"","meta":{"_acf_changed":false,"_seopress_robots_primary_cat":"","_seopress_titles_title":"","_seopress_titles_desc":"","_seopress_robots_index":"","_lmt_disableupdate":"","_lmt_disable":"","footnotes":""},"class_list":["post-567","page","type-page","status-publish"],"acf":[],"_links":{"self":[{"href":"https:\/\/minimabistro.tarnaweb.eu\/en\/wp-json\/wp\/v2\/pages\/567","targetHints":{"allow":["GET"]}}],"collection":[{"href":"https:\/\/minimabistro.tarnaweb.eu\/en\/wp-json\/wp\/v2\/pages"}],"about":[{"href":"https:\/\/minimabistro.tarnaweb.eu\/en\/wp-json\/wp\/v2\/types\/page"}],"author":[{"embeddable":true,"href":"https:\/\/minimabistro.tarnaweb.eu\/en\/wp-json\/wp\/v2\/users\/1"}],"replies":[{"embeddable":true,"href":"https:\/\/minimabistro.tarnaweb.eu\/en\/wp-json\/wp\/v2\/comments?post=567"}],"version-history":[{"count":0,"href":"https:\/\/minimabistro.tarnaweb.eu\/en\/wp-json\/wp\/v2\/pages\/567\/revisions"}],"wp:attachment":[{"href":"https:\/\/minimabistro.tarnaweb.eu\/en\/wp-json\/wp\/v2\/media?parent=567"}],"curies":[{"name":"wp","href":"https:\/\/api.w.org\/{rel}","templated":true}]}}