{"id":2699,"date":"2023-08-15T14:21:46","date_gmt":"2023-08-15T14:21:46","guid":{"rendered":"https:\/\/minimabistro.tarnaweb.eu\/?page_id=2699"},"modified":"2024-09-16T11:56:01","modified_gmt":"2024-09-16T11:56:01","slug":"etlap-new","status":"publish","type":"page","link":"https:\/\/minimabistro.tarnaweb.eu\/en\/menu\/","title":{"rendered":"etlap &#8211; New"},"content":{"rendered":"<div data-elementor-type=\"wp-page\" data-elementor-id=\"2699\" class=\"elementor elementor-2699\" data-elementor-post-type=\"page\">\n\t\t\t\t<div class=\"elementor-element elementor-element-2795569 e-con-full e-flex e-con e-parent\" data-id=\"2795569\" data-element_type=\"container\" data-settings=\"{&quot;background_background&quot;:&quot;classic&quot;}\">\n\t\t\t\t<\/div>\n\t\t<div class=\"elementor-element elementor-element-a8d04ad e-con-full e-flex e-con e-parent\" data-id=\"a8d04ad\" data-element_type=\"container\">\n\t\t<div class=\"elementor-element elementor-element-8c12a02 e-con-full e-flex e-con e-child\" data-id=\"8c12a02\" data-element_type=\"container\">\n\t\t\t\t<div class=\"elementor-element elementor-element-0bf4eac elementor-widget elementor-widget-heading\" data-id=\"0bf4eac\" data-element_type=\"widget\" data-widget_type=\"heading.default\">\n\t\t\t\t<div class=\"elementor-widget-container\">\n\t\t\t\t\t<p class=\"elementor-heading-title elementor-size-default\"><a href=\"\">tel: +36 70 304 5375<\/a><\/p>\t\t\t\t<\/div>\n\t\t\t\t<\/div>\n\t\t\t\t<\/div>\n\t\t<div class=\"elementor-element elementor-element-6cc6015 e-con-full e-flex e-con e-child\" data-id=\"6cc6015\" data-element_type=\"container\">\n\t\t\t\t<div class=\"elementor-element elementor-element-9d7d48d elementor-widget elementor-widget-heading\" data-id=\"9d7d48d\" data-element_type=\"widget\" data-widget_type=\"heading.default\">\n\t\t\t\t<div class=\"elementor-widget-container\">\n\t\t\t\t\t<p class=\"elementor-heading-title elementor-size-default\"><a href=\"mailto:reservation@minimabistro.tarnaweb.eu\">reservation@minimabistro.tarnaweb.eu<\/a><\/p>\t\t\t\t<\/div>\n\t\t\t\t<\/div>\n\t\t\t\t<\/div>\n\t\t<div class=\"elementor-element elementor-element-66da164 e-con-full e-flex e-con e-child\" data-id=\"66da164\" data-element_type=\"container\">\n\t\t\t\t<div class=\"elementor-element elementor-element-7d6e2b8 elementor-widget elementor-widget-heading\" data-id=\"7d6e2b8\" data-element_type=\"widget\" data-widget_type=\"heading.default\">\n\t\t\t\t<div class=\"elementor-widget-container\">\n\t\t\t\t\t<p class=\"elementor-heading-title elementor-size-default\">1056 Budapest, Belgr\u00e1d rkp. 12.<\/p>\t\t\t\t<\/div>\n\t\t\t\t<\/div>\n\t\t\t\t<\/div>\n\t\t\t\t<\/div>\n\t\t<div class=\"elementor-element elementor-element-cd2b402 e-con-full e-flex e-con e-parent\" data-id=\"cd2b402\" data-element_type=\"container\">\n\t\t<div class=\"elementor-element elementor-element-d625ce1 e-con-full e-flex e-con e-child\" data-id=\"d625ce1\" data-element_type=\"container\">\n\t\t\t\t<div class=\"elementor-element elementor-element-629f5f0 elementor-widget elementor-widget-heading\" data-id=\"629f5f0\" data-element_type=\"widget\" data-widget_type=\"heading.default\">\n\t\t\t\t<div class=\"elementor-widget-container\">\n\t\t\t\t\t<h1 class=\"elementor-heading-title elementor-size-default\">menu<\/h1>\t\t\t\t<\/div>\n\t\t\t\t<\/div>\n\t\t\t\t<\/div>\n\t\t<div class=\"elementor-element elementor-element-4d1176a e-con-full e-flex e-con e-child\" data-id=\"4d1176a\" data-element_type=\"container\">\n\t\t\t\t<div class=\"elementor-element elementor-element-4002d8f elementor-widget elementor-widget-button\" data-id=\"4002d8f\" data-element_type=\"widget\" data-widget_type=\"button.default\">\n\t\t\t\t<div class=\"elementor-widget-container\">\n\t\t\t\t\t\t\t\t\t<div class=\"elementor-button-wrapper\">\n\t\t\t\t\t<a class=\"elementor-button elementor-button-link elementor-size-sm elementor-animation-grow\" href=\"https:\/\/minimabistro.tarnaweb.eu\/index.php\/foglalas\/\">\n\t\t\t\t\t\t<span class=\"elementor-button-content-wrapper\">\n\t\t\t\t\t\t\t\t\t<span class=\"elementor-button-text\">RESERVATION<\/span>\n\t\t\t\t\t<\/span>\n\t\t\t\t\t<\/a>\n\t\t\t\t<\/div>\n\t\t\t\t\t\t\t\t<\/div>\n\t\t\t\t<\/div>\n\t\t\t\t<\/div>\n\t\t\t\t<\/div>\n\t\t<div class=\"elementor-element elementor-element-1cfd00b e-con-full e-flex e-con e-parent\" data-id=\"1cfd00b\" data-element_type=\"container\">\n\t\t<div class=\"elementor-element elementor-element-b7f36c5 e-con-full e-flex e-con e-child\" data-id=\"b7f36c5\" data-element_type=\"container\">\n\t\t<div class=\"elementor-element elementor-element-00238f0 e-con-full e-flex e-con e-child\" data-id=\"00238f0\" data-element_type=\"container\">\n\t\t\t\t<div class=\"elementor-element elementor-element-f7fc5b8 elementor-widget elementor-widget-heading\" data-id=\"f7fc5b8\" data-element_type=\"widget\" data-widget_type=\"heading.default\">\n\t\t\t\t<div class=\"elementor-widget-container\">\n\t\t\t\t\t<h2 class=\"elementor-heading-title elementor-size-default\">tapas<\/h2>\t\t\t\t<\/div>\n\t\t\t\t<\/div>\n\t\t\t\t<\/div>\n\t\t<div class=\"elementor-element elementor-element-5a8773f e-con-full e-flex e-con e-child\" data-id=\"5a8773f\" data-element_type=\"container\">\n\t\t\t\t<div class=\"elementor-element elementor-element-40459b5 elementor-widget elementor-widget-heading\" data-id=\"40459b5\" data-element_type=\"widget\" data-widget_type=\"heading.default\">\n\t\t\t\t<div class=\"elementor-widget-container\">\n\t\t\t\t\t<h2 class=\"elementor-heading-title elementor-size-default\">\u20ac<\/h2>\t\t\t\t<\/div>\n\t\t\t\t<\/div>\n\t\t\t\t<div class=\"elementor-element elementor-element-b2f4004 elementor-widget elementor-widget-heading\" data-id=\"b2f4004\" data-element_type=\"widget\" data-widget_type=\"heading.default\">\n\t\t\t\t<div class=\"elementor-widget-container\">\n\t\t\t\t\t<h2 class=\"elementor-heading-title elementor-size-default\">Ft<\/h2>\t\t\t\t<\/div>\n\t\t\t\t<\/div>\n\t\t\t\t<\/div>\n\t\t\t\t<\/div>\n\t\t<div class=\"elementor-element elementor-element-a1a3159 e-con-full e-flex e-con e-child\" data-id=\"a1a3159\" data-element_type=\"container\">\n\t\t\t\t<div class=\"elementor-element elementor-element-2cd4401 elementor-grid-1 elementor-grid-tablet-2 elementor-grid-mobile-1 elementor-widget elementor-widget-loop-grid\" data-id=\"2cd4401\" data-element_type=\"widget\" data-settings=\"{&quot;template_id&quot;:2749,&quot;columns&quot;:1,&quot;_skin&quot;:&quot;post&quot;,&quot;columns_tablet&quot;:&quot;2&quot;,&quot;columns_mobile&quot;:&quot;1&quot;,&quot;edit_handle_selector&quot;:&quot;[data-elementor-type=\\&quot;loop-item\\&quot;]&quot;,&quot;row_gap&quot;:{&quot;unit&quot;:&quot;px&quot;,&quot;size&quot;:&quot;&quot;,&quot;sizes&quot;:[]},&quot;row_gap_tablet&quot;:{&quot;unit&quot;:&quot;px&quot;,&quot;size&quot;:&quot;&quot;,&quot;sizes&quot;:[]},&quot;row_gap_mobile&quot;:{&quot;unit&quot;:&quot;px&quot;,&quot;size&quot;:&quot;&quot;,&quot;sizes&quot;:[]}}\" data-widget_type=\"loop-grid.post\">\n\t\t\t\t<div class=\"elementor-widget-container\">\n\t\t\t\t\t\t\t<div class=\"e-loop-nothing-found-message\">\n\t\t<\/div>\n\t\t\t\t\t\t<\/div>\n\t\t\t\t<\/div>\n\t\t\t\t<\/div>\n\t\t\t\t<\/div>\n\t\t<div class=\"elementor-element elementor-element-aa1663a e-con-full e-flex e-con e-parent\" data-id=\"aa1663a\" data-element_type=\"container\">\n\t\t<div class=\"elementor-element elementor-element-fc37956 e-con-full e-flex e-con e-child\" data-id=\"fc37956\" data-element_type=\"container\">\n\t\t<div class=\"elementor-element elementor-element-27bacce e-con-full e-flex e-con e-child\" data-id=\"27bacce\" data-element_type=\"container\">\n\t\t\t\t<div class=\"elementor-element elementor-element-6d86836 elementor-widget elementor-widget-heading\" data-id=\"6d86836\" data-element_type=\"widget\" data-widget_type=\"heading.default\">\n\t\t\t\t<div class=\"elementor-widget-container\">\n\t\t\t\t\t<h2 class=\"elementor-heading-title elementor-size-default\">starters<\/h2>\t\t\t\t<\/div>\n\t\t\t\t<\/div>\n\t\t\t\t<\/div>\n\t\t<div class=\"elementor-element elementor-element-6660be5 e-con-full e-flex e-con e-child\" data-id=\"6660be5\" data-element_type=\"container\">\n\t\t\t\t<\/div>\n\t\t\t\t<\/div>\n\t\t<div class=\"elementor-element elementor-element-972b789 e-con-full e-flex e-con e-child\" data-id=\"972b789\" data-element_type=\"container\">\n\t\t\t\t<div class=\"elementor-element elementor-element-cac869c elementor-grid-1 elementor-grid-tablet-2 elementor-grid-mobile-1 elementor-widget elementor-widget-loop-grid\" data-id=\"cac869c\" data-element_type=\"widget\" data-settings=\"{&quot;template_id&quot;:2749,&quot;columns&quot;:1,&quot;_skin&quot;:&quot;post&quot;,&quot;columns_tablet&quot;:&quot;2&quot;,&quot;columns_mobile&quot;:&quot;1&quot;,&quot;edit_handle_selector&quot;:&quot;[data-elementor-type=\\&quot;loop-item\\&quot;]&quot;,&quot;row_gap&quot;:{&quot;unit&quot;:&quot;px&quot;,&quot;size&quot;:&quot;&quot;,&quot;sizes&quot;:[]},&quot;row_gap_tablet&quot;:{&quot;unit&quot;:&quot;px&quot;,&quot;size&quot;:&quot;&quot;,&quot;sizes&quot;:[]},&quot;row_gap_mobile&quot;:{&quot;unit&quot;:&quot;px&quot;,&quot;size&quot;:&quot;&quot;,&quot;sizes&quot;:[]}}\" data-widget_type=\"loop-grid.post\">\n\t\t\t\t<div class=\"elementor-widget-container\">\n\t\t\t\t\t\t\t<div class=\"e-loop-nothing-found-message\">\n\t\t<\/div>\n\t\t\t\t\t\t<\/div>\n\t\t\t\t<\/div>\n\t\t\t\t<\/div>\n\t\t\t\t<\/div>\n\t\t<div class=\"elementor-element elementor-element-cd23d6a e-con-full e-flex e-con e-parent\" data-id=\"cd23d6a\" data-element_type=\"container\">\n\t\t<div class=\"elementor-element elementor-element-231d0bc e-con-full e-flex e-con e-child\" data-id=\"231d0bc\" data-element_type=\"container\">\n\t\t<div class=\"elementor-element elementor-element-1ed9ede e-con-full e-flex e-con e-child\" data-id=\"1ed9ede\" data-element_type=\"container\">\n\t\t\t\t<div class=\"elementor-element elementor-element-be01790 elementor-widget elementor-widget-heading\" data-id=\"be01790\" data-element_type=\"widget\" data-widget_type=\"heading.default\">\n\t\t\t\t<div class=\"elementor-widget-container\">\n\t\t\t\t\t<h2 class=\"elementor-heading-title elementor-size-default\">Soups<\/h2>\t\t\t\t<\/div>\n\t\t\t\t<\/div>\n\t\t\t\t<\/div>\n\t\t<div class=\"elementor-element elementor-element-fd4604b e-con-full e-flex e-con e-child\" data-id=\"fd4604b\" data-element_type=\"container\">\n\t\t\t\t<\/div>\n\t\t\t\t<\/div>\n\t\t<div class=\"elementor-element elementor-element-566d5ea e-con-full e-flex e-con e-child\" data-id=\"566d5ea\" data-element_type=\"container\">\n\t\t\t\t<div class=\"elementor-element elementor-element-2071f51 elementor-grid-1 elementor-grid-tablet-2 elementor-grid-mobile-1 elementor-widget elementor-widget-loop-grid\" data-id=\"2071f51\" data-element_type=\"widget\" data-settings=\"{&quot;template_id&quot;:2749,&quot;columns&quot;:1,&quot;_skin&quot;:&quot;post&quot;,&quot;columns_tablet&quot;:&quot;2&quot;,&quot;columns_mobile&quot;:&quot;1&quot;,&quot;edit_handle_selector&quot;:&quot;[data-elementor-type=\\&quot;loop-item\\&quot;]&quot;,&quot;row_gap&quot;:{&quot;unit&quot;:&quot;px&quot;,&quot;size&quot;:&quot;&quot;,&quot;sizes&quot;:[]},&quot;row_gap_tablet&quot;:{&quot;unit&quot;:&quot;px&quot;,&quot;size&quot;:&quot;&quot;,&quot;sizes&quot;:[]},&quot;row_gap_mobile&quot;:{&quot;unit&quot;:&quot;px&quot;,&quot;size&quot;:&quot;&quot;,&quot;sizes&quot;:[]}}\" data-widget_type=\"loop-grid.post\">\n\t\t\t\t<div class=\"elementor-widget-container\">\n\t\t\t\t\t\t\t<div class=\"e-loop-nothing-found-message\">\n\t\t<\/div>\n\t\t\t\t\t\t<\/div>\n\t\t\t\t<\/div>\n\t\t\t\t<\/div>\n\t\t\t\t<\/div>\n\t\t<div class=\"elementor-element elementor-element-d16fb16 e-con-full e-flex e-con e-parent\" data-id=\"d16fb16\" data-element_type=\"container\">\n\t\t<div class=\"elementor-element elementor-element-578d509 e-con-full e-flex e-con e-child\" data-id=\"578d509\" data-element_type=\"container\">\n\t\t<div class=\"elementor-element elementor-element-b25a0e6 e-con-full e-flex e-con e-child\" data-id=\"b25a0e6\" data-element_type=\"container\">\n\t\t\t\t<div class=\"elementor-element elementor-element-a14dc68 elementor-widget elementor-widget-heading\" data-id=\"a14dc68\" data-element_type=\"widget\" data-widget_type=\"heading.default\">\n\t\t\t\t<div class=\"elementor-widget-container\">\n\t\t\t\t\t<h2 class=\"elementor-heading-title elementor-size-default\">Main Courses<\/h2>\t\t\t\t<\/div>\n\t\t\t\t<\/div>\n\t\t\t\t<\/div>\n\t\t<div class=\"elementor-element elementor-element-83036f2 e-con-full e-flex e-con e-child\" data-id=\"83036f2\" data-element_type=\"container\">\n\t\t\t\t<\/div>\n\t\t\t\t<\/div>\n\t\t<div class=\"elementor-element elementor-element-57b0cbd e-con-full e-flex e-con e-child\" data-id=\"57b0cbd\" data-element_type=\"container\">\n\t\t\t\t<div class=\"elementor-element elementor-element-14a430f elementor-grid-1 elementor-grid-tablet-2 elementor-grid-mobile-1 elementor-widget elementor-widget-loop-grid\" data-id=\"14a430f\" data-element_type=\"widget\" data-settings=\"{&quot;template_id&quot;:2749,&quot;columns&quot;:1,&quot;_skin&quot;:&quot;post&quot;,&quot;columns_tablet&quot;:&quot;2&quot;,&quot;columns_mobile&quot;:&quot;1&quot;,&quot;edit_handle_selector&quot;:&quot;[data-elementor-type=\\&quot;loop-item\\&quot;]&quot;,&quot;row_gap&quot;:{&quot;unit&quot;:&quot;px&quot;,&quot;size&quot;:&quot;&quot;,&quot;sizes&quot;:[]},&quot;row_gap_tablet&quot;:{&quot;unit&quot;:&quot;px&quot;,&quot;size&quot;:&quot;&quot;,&quot;sizes&quot;:[]},&quot;row_gap_mobile&quot;:{&quot;unit&quot;:&quot;px&quot;,&quot;size&quot;:&quot;&quot;,&quot;sizes&quot;:[]}}\" data-widget_type=\"loop-grid.post\">\n\t\t\t\t<div class=\"elementor-widget-container\">\n\t\t\t\t\t\t\t<div class=\"e-loop-nothing-found-message\">\n\t\t<\/div>\n\t\t\t\t\t\t<\/div>\n\t\t\t\t<\/div>\n\t\t\t\t<\/div>\n\t\t\t\t<\/div>\n\t\t<div class=\"elementor-element elementor-element-57d2983 e-con-full e-flex e-con e-parent\" data-id=\"57d2983\" data-element_type=\"container\">\n\t\t<div class=\"elementor-element elementor-element-f3a9374 e-con-full e-flex e-con e-child\" data-id=\"f3a9374\" data-element_type=\"container\">\n\t\t<div class=\"elementor-element elementor-element-61208d8 e-con-full e-flex e-con e-child\" data-id=\"61208d8\" data-element_type=\"container\">\n\t\t\t\t<div class=\"elementor-element elementor-element-2b81c17 elementor-widget elementor-widget-heading\" data-id=\"2b81c17\" data-element_type=\"widget\" data-widget_type=\"heading.default\">\n\t\t\t\t<div class=\"elementor-widget-container\">\n\t\t\t\t\t<h2 class=\"elementor-heading-title elementor-size-default\">side dishes<\/h2>\t\t\t\t<\/div>\n\t\t\t\t<\/div>\n\t\t\t\t<\/div>\n\t\t<div class=\"elementor-element elementor-element-d874bb2 e-con-full e-flex e-con e-child\" data-id=\"d874bb2\" data-element_type=\"container\">\n\t\t\t\t<\/div>\n\t\t\t\t<\/div>\n\t\t<div class=\"elementor-element elementor-element-e53befc e-con-full e-flex e-con e-child\" data-id=\"e53befc\" data-element_type=\"container\">\n\t\t\t\t<div class=\"elementor-element elementor-element-d03fcfd elementor-grid-1 elementor-grid-tablet-2 elementor-grid-mobile-1 elementor-widget elementor-widget-loop-grid\" data-id=\"d03fcfd\" data-element_type=\"widget\" data-settings=\"{&quot;template_id&quot;:2749,&quot;columns&quot;:1,&quot;_skin&quot;:&quot;post&quot;,&quot;columns_tablet&quot;:&quot;2&quot;,&quot;columns_mobile&quot;:&quot;1&quot;,&quot;edit_handle_selector&quot;:&quot;[data-elementor-type=\\&quot;loop-item\\&quot;]&quot;,&quot;row_gap&quot;:{&quot;unit&quot;:&quot;px&quot;,&quot;size&quot;:&quot;&quot;,&quot;sizes&quot;:[]},&quot;row_gap_tablet&quot;:{&quot;unit&quot;:&quot;px&quot;,&quot;size&quot;:&quot;&quot;,&quot;sizes&quot;:[]},&quot;row_gap_mobile&quot;:{&quot;unit&quot;:&quot;px&quot;,&quot;size&quot;:&quot;&quot;,&quot;sizes&quot;:[]}}\" data-widget_type=\"loop-grid.post\">\n\t\t\t\t<div class=\"elementor-widget-container\">\n\t\t\t\t\t\t\t<div class=\"e-loop-nothing-found-message\">\n\t\t<\/div>\n\t\t\t\t\t\t<\/div>\n\t\t\t\t<\/div>\n\t\t\t\t<\/div>\n\t\t\t\t<\/div>\n\t\t<div class=\"elementor-element elementor-element-42d6730 e-con-full elementor-hidden-desktop elementor-hidden-tablet elementor-hidden-mobile e-flex e-con e-parent\" data-id=\"42d6730\" data-element_type=\"container\">\n\t\t<div class=\"elementor-element elementor-element-8d46da3 e-con-full e-flex e-con e-child\" data-id=\"8d46da3\" data-element_type=\"container\">\n\t\t<div class=\"elementor-element elementor-element-f304e27 e-con-full e-flex e-con e-child\" data-id=\"f304e27\" data-element_type=\"container\">\n\t\t\t\t<div class=\"elementor-element elementor-element-6a9b002 elementor-widget elementor-widget-heading\" data-id=\"6a9b002\" data-element_type=\"widget\" data-widget_type=\"heading.default\">\n\t\t\t\t<div class=\"elementor-widget-container\">\n\t\t\t\t\t<h2 class=\"elementor-heading-title elementor-size-default\">For Children<\/h2>\t\t\t\t<\/div>\n\t\t\t\t<\/div>\n\t\t\t\t<\/div>\n\t\t<div class=\"elementor-element elementor-element-8f59c42 e-con-full e-flex e-con e-child\" data-id=\"8f59c42\" data-element_type=\"container\">\n\t\t\t\t<\/div>\n\t\t\t\t<\/div>\n\t\t<div class=\"elementor-element elementor-element-6776b62 e-con-full e-flex e-con e-child\" data-id=\"6776b62\" data-element_type=\"container\">\n\t\t\t\t<div class=\"elementor-element elementor-element-cb598aa elementor-grid-1 elementor-grid-tablet-2 elementor-grid-mobile-1 elementor-widget elementor-widget-loop-grid\" data-id=\"cb598aa\" data-element_type=\"widget\" data-settings=\"{&quot;template_id&quot;:2749,&quot;columns&quot;:1,&quot;_skin&quot;:&quot;post&quot;,&quot;columns_tablet&quot;:&quot;2&quot;,&quot;columns_mobile&quot;:&quot;1&quot;,&quot;edit_handle_selector&quot;:&quot;[data-elementor-type=\\&quot;loop-item\\&quot;]&quot;,&quot;row_gap&quot;:{&quot;unit&quot;:&quot;px&quot;,&quot;size&quot;:&quot;&quot;,&quot;sizes&quot;:[]},&quot;row_gap_tablet&quot;:{&quot;unit&quot;:&quot;px&quot;,&quot;size&quot;:&quot;&quot;,&quot;sizes&quot;:[]},&quot;row_gap_mobile&quot;:{&quot;unit&quot;:&quot;px&quot;,&quot;size&quot;:&quot;&quot;,&quot;sizes&quot;:[]}}\" data-widget_type=\"loop-grid.post\">\n\t\t\t\t<div class=\"elementor-widget-container\">\n\t\t\t\t\t\t\t<div class=\"e-loop-nothing-found-message\">\n\t\t<\/div>\n\t\t\t\t\t\t<\/div>\n\t\t\t\t<\/div>\n\t\t\t\t<\/div>\n\t\t\t\t<\/div>\n\t\t<div class=\"elementor-element elementor-element-3a6b70a e-con-full e-flex e-con e-parent\" data-id=\"3a6b70a\" data-element_type=\"container\">\n\t\t<div class=\"elementor-element elementor-element-df712c8 e-con-full e-flex e-con e-child\" data-id=\"df712c8\" data-element_type=\"container\">\n\t\t<div class=\"elementor-element elementor-element-7fce313 e-con-full e-flex e-con e-child\" data-id=\"7fce313\" data-element_type=\"container\">\n\t\t\t\t<div class=\"elementor-element elementor-element-e330308 elementor-widget elementor-widget-heading\" data-id=\"e330308\" data-element_type=\"widget\" data-widget_type=\"heading.default\">\n\t\t\t\t<div class=\"elementor-widget-container\">\n\t\t\t\t\t<h2 class=\"elementor-heading-title elementor-size-default\">Desserts<\/h2>\t\t\t\t<\/div>\n\t\t\t\t<\/div>\n\t\t\t\t<\/div>\n\t\t<div class=\"elementor-element elementor-element-a9f6166 e-con-full e-flex e-con e-child\" data-id=\"a9f6166\" data-element_type=\"container\">\n\t\t\t\t<\/div>\n\t\t\t\t<\/div>\n\t\t<div class=\"elementor-element elementor-element-9016b27 e-con-full e-flex e-con e-child\" data-id=\"9016b27\" data-element_type=\"container\">\n\t\t\t\t<div class=\"elementor-element elementor-element-66962be elementor-grid-1 elementor-grid-tablet-2 elementor-grid-mobile-1 elementor-widget elementor-widget-loop-grid\" data-id=\"66962be\" data-element_type=\"widget\" data-settings=\"{&quot;template_id&quot;:2749,&quot;columns&quot;:1,&quot;_skin&quot;:&quot;post&quot;,&quot;columns_tablet&quot;:&quot;2&quot;,&quot;columns_mobile&quot;:&quot;1&quot;,&quot;edit_handle_selector&quot;:&quot;[data-elementor-type=\\&quot;loop-item\\&quot;]&quot;,&quot;row_gap&quot;:{&quot;unit&quot;:&quot;px&quot;,&quot;size&quot;:&quot;&quot;,&quot;sizes&quot;:[]},&quot;row_gap_tablet&quot;:{&quot;unit&quot;:&quot;px&quot;,&quot;size&quot;:&quot;&quot;,&quot;sizes&quot;:[]},&quot;row_gap_mobile&quot;:{&quot;unit&quot;:&quot;px&quot;,&quot;size&quot;:&quot;&quot;,&quot;sizes&quot;:[]}}\" data-widget_type=\"loop-grid.post\">\n\t\t\t\t<div class=\"elementor-widget-container\">\n\t\t\t\t\t\t\t<div class=\"e-loop-nothing-found-message\">\n\t\t<\/div>\n\t\t\t\t\t\t<\/div>\n\t\t\t\t<\/div>\n\t\t\t\t<\/div>\n\t\t\t\t<\/div>\n\t\t<div class=\"elementor-element elementor-element-1056e6b e-con-full e-flex e-con e-parent\" data-id=\"1056e6b\" data-element_type=\"container\">\n\t\t\t\t<div class=\"elementor-element elementor-element-ff1cfa8 elementor-widget elementor-widget-text-editor\" data-id=\"ff1cfa8\" data-element_type=\"widget\" data-widget_type=\"text-editor.default\">\n\t\t\t\t<div class=\"elementor-widget-container\">\n\t\t\t\t\t\t\t\t\t<p>Some of our vegetarian dishes can be prepared vegan way also.<\/p><p>If you have any concerns regarding food allergy or intolerances, please alert your server before order.<br \/>We welcome every question from customers who wish to know whether the meal contains any \n articular ingredients.<\/p>\t\t\t\t\t\t\t\t<\/div>\n\t\t\t\t<\/div>\n\t\t\t\t<\/div>\n\t\t<div class=\"elementor-element elementor-element-a49a9ee e-con-full e-flex e-con e-parent\" data-id=\"a49a9ee\" data-element_type=\"container\">\n\t\t\t\t<div class=\"elementor-element elementor-element-5725cf5 elementor-widget elementor-widget-text-editor\" data-id=\"5725cf5\" data-element_type=\"widget\" data-widget_type=\"text-editor.default\">\n\t\t\t\t<div class=\"elementor-widget-container\">\n\t\t\t\t\t\t\t\t\t<p>If you have a claim for invoice, please alert your server before payment. we are not able to invoice after payment.<\/p><p>Prices include all taxes. Euro prices are for information only.<\/p><p>We are unable to accept SZ\u00c9P cards.<\/p>\t\t\t\t\t\t\t\t<\/div>\n\t\t\t\t<\/div>\n\t\t\t\t<\/div>\n\t\t<div class=\"elementor-element elementor-element-fd21d07 e-con-full e-flex e-con e-parent\" data-id=\"fd21d07\" data-element_type=\"container\">\n\t\t\t\t<div class=\"elementor-element elementor-element-01789cd elementor-widget elementor-widget-image\" data-id=\"01789cd\" data-element_type=\"widget\" data-widget_type=\"image.default\">\n\t\t\t\t<div class=\"elementor-widget-container\">\n\t\t\t\t\t\t\t\t\t\t\t\t\t\t\t<img decoding=\"async\" width=\"213\" height=\"186\" src=\"https:\/\/minimabistro.tarnaweb.eu\/wp-content\/uploads\/2022\/08\/MINIMA-JAV.jpg\" class=\"attachment-large size-large wp-image-45\" alt=\"\" srcset=\"https:\/\/minimabistro.tarnaweb.eu\/wp-content\/uploads\/2022\/08\/MINIMA-JAV.jpg 213w, https:\/\/minimabistro.tarnaweb.eu\/wp-content\/uploads\/2022\/08\/MINIMA-JAV-14x12.jpg 14w\" sizes=\"(max-width: 213px) 100vw, 213px\" \/>\t\t\t\t\t\t\t\t\t\t\t\t\t\t\t<\/div>\n\t\t\t\t<\/div>\n\t\t\t\t<\/div>\n\t\t\t\t<\/div>","protected":false},"excerpt":{"rendered":"<p>Kedves L\u00e1togat\u00f3nk! Az \u00e9tlapunk friss\u00edt\u00e9se folyamatban van, \u00e9s csak p\u00e9nteken lesz akt\u00edv. K\u00e9rj\u00fck, l\u00e1togasson vissza akkor, hogy megtekinthesse legfrissebb k\u00edn\u00e1latunkat. K\u00f6sz\u00f6nj\u00fck meg\u00e9rt\u00e9s\u00e9t! Click Me tel: +36 70 304 5375 reservation@minimabistro.tarnaweb.eu 1056 Budapest, Belgr\u00e1d rkp. 12. \u00e9tlap ASZTALFOGLAL\u00c1S tapas \u20ac Ft el\u0151\u00e9telek Levesek F\u0151\u00e9telek K\u00f6retek Gyerekeknek Desszeretek Egyes veget\u00e1ri\u00e1nus \u00e9teleink veg\u00e1n m\u00f3don is k\u00e9sz\u00fclhetnek. Ha b\u00e1rmilyen &#8230; <a title=\"etlap &#8211; New\" class=\"read-more\" href=\"https:\/\/minimabistro.tarnaweb.eu\/en\/menu\/\" aria-label=\"Read more about etlap &#8211; New\">Read more<\/a><\/p>","protected":false},"author":3,"featured_media":0,"parent":0,"menu_order":0,"comment_status":"closed","ping_status":"closed","template":"elementor_header_footer","meta":{"_acf_changed":false,"_seopress_robots_primary_cat":"","_seopress_titles_title":"","_seopress_titles_desc":"","_seopress_robots_index":"","_lmt_disableupdate":"no","_lmt_disable":"","footnotes":""},"class_list":["post-2699","page","type-page","status-publish"],"acf":[],"_links":{"self":[{"href":"https:\/\/minimabistro.tarnaweb.eu\/en\/wp-json\/wp\/v2\/pages\/2699","targetHints":{"allow":["GET"]}}],"collection":[{"href":"https:\/\/minimabistro.tarnaweb.eu\/en\/wp-json\/wp\/v2\/pages"}],"about":[{"href":"https:\/\/minimabistro.tarnaweb.eu\/en\/wp-json\/wp\/v2\/types\/page"}],"author":[{"embeddable":true,"href":"https:\/\/minimabistro.tarnaweb.eu\/en\/wp-json\/wp\/v2\/users\/3"}],"replies":[{"embeddable":true,"href":"https:\/\/minimabistro.tarnaweb.eu\/en\/wp-json\/wp\/v2\/comments?post=2699"}],"version-history":[{"count":0,"href":"https:\/\/minimabistro.tarnaweb.eu\/en\/wp-json\/wp\/v2\/pages\/2699\/revisions"}],"wp:attachment":[{"href":"https:\/\/minimabistro.tarnaweb.eu\/en\/wp-json\/wp\/v2\/media?parent=2699"}],"curies":[{"name":"wp","href":"https:\/\/api.w.org\/{rel}","templated":true}]}}