{"id":18,"date":"2022-08-04T10:23:52","date_gmt":"2022-08-04T10:23:52","guid":{"rendered":"https:\/\/minimabistro.tarnaweb.eu\/?page_id=18"},"modified":"2025-08-18T16:42:23","modified_gmt":"2025-08-18T16:42:23","slug":"minima-bistro-etterem-mediterran-ihletesu-fuzios-etelek","status":"publish","type":"page","link":"https:\/\/minimabistro.tarnaweb.eu\/en\/","title":{"rendered":"minima bistro \u00e9tterm"},"content":{"rendered":"<div data-elementor-type=\"wp-page\" data-elementor-id=\"18\" class=\"elementor elementor-18\" data-elementor-post-type=\"page\">\n\t\t\t\t<div class=\"elementor-element elementor-element-122fafb e-con-full e-flex e-con e-parent\" data-id=\"122fafb\" data-element_type=\"container\" data-settings=\"{&quot;background_background&quot;:&quot;video&quot;,&quot;background_video_link&quot;:&quot;https:\\\/\\\/minimabistro.tarnaweb.eu\\\/wp-content\\\/uploads\\\/2024\\\/08\\\/minimaenterior.mp4&quot;,&quot;background_play_on_mobile&quot;:&quot;yes&quot;}\">\n\t\t<div class=\"elementor-background-video-container\" aria-hidden=\"true\">\n\t\t\t\t\t\t\t<video class=\"elementor-background-video-hosted\" autoplay muted playsinline loop><\/video>\n\t\t\t\t\t<\/div>\t\t<\/div>\n\t\t<div class=\"elementor-element elementor-element-f3fe132 e-flex e-con-boxed e-con e-parent\" data-id=\"f3fe132\" data-element_type=\"container\">\n\t\t\t\t\t<div class=\"e-con-inner\">\n\t\t\t\t<div class=\"elementor-element elementor-element-fcb7618 elementor-widget elementor-widget-heading\" data-id=\"fcb7618\" data-element_type=\"widget\" data-widget_type=\"heading.default\">\n\t\t\t\t<div class=\"elementor-widget-container\">\n\t\t\t\t\t<p class=\"elementor-heading-title elementor-size-default\"><a href=\"tel:+36703045375\">tel: +36 70 304 5375<\/a><\/p>\t\t\t\t<\/div>\n\t\t\t\t<\/div>\n\t\t\t\t<div class=\"elementor-element elementor-element-3879a7d elementor-widget elementor-widget-heading\" data-id=\"3879a7d\" data-element_type=\"widget\" data-widget_type=\"heading.default\">\n\t\t\t\t<div class=\"elementor-widget-container\">\n\t\t\t\t\t<p class=\"elementor-heading-title elementor-size-default\">1056 Budapest, Belgr\u00e1d rkp. 12.<\/p>\t\t\t\t<\/div>\n\t\t\t\t<\/div>\n\t\t\t\t<div class=\"elementor-element elementor-element-8c6622c elementor-widget elementor-widget-heading\" data-id=\"8c6622c\" data-element_type=\"widget\" data-widget_type=\"heading.default\">\n\t\t\t\t<div class=\"elementor-widget-container\">\n\t\t\t\t\t<p class=\"elementor-heading-title elementor-size-default\"><a href=\"mailto:reservation@minimabistro.tarnaweb.eu\" target=\"_blank\">reservation@minimabistro.tarnaweb.eu<\/a><\/p>\t\t\t\t<\/div>\n\t\t\t\t<\/div>\n\t\t\t\t\t<\/div>\n\t\t\t\t<\/div>\n\t\t<div class=\"elementor-element elementor-element-537f581 e-flex e-con-boxed e-con e-parent\" data-id=\"537f581\" data-element_type=\"container\">\n\t\t\t\t\t<div class=\"e-con-inner\">\n\t\t\t\t<div class=\"elementor-element elementor-element-3cfb59f elementor-widget elementor-widget-heading\" data-id=\"3cfb59f\" data-element_type=\"widget\" data-widget_type=\"heading.default\">\n\t\t\t\t<div class=\"elementor-widget-container\">\n\t\t\t\t\t<h2 class=\"elementor-heading-title elementor-size-default\">our philosophy<\/h2>\t\t\t\t<\/div>\n\t\t\t\t<\/div>\n\t\t\t\t<div class=\"elementor-element elementor-element-98d089e elementor-widget elementor-widget-text-editor\" data-id=\"98d089e\" data-element_type=\"widget\" data-widget_type=\"text-editor.default\">\n\t\t\t\t<div class=\"elementor-widget-container\">\n\t\t\t\t\t\t\t\t\t<p>M\u00ednima is a Greek origin word, which means message, with which we aim to communicate to our guests in the colourful and tasty language of unlimited Mediterranean gastronomy. We consider it our mission to ensure that everyone who comes to our restaurant has the opportunity to experience this sensational adventure, through our special fusion dishes and hospitality, which they can spread the word about.<\/p>\t\t\t\t\t\t\t\t<\/div>\n\t\t\t\t<\/div>\n\t\t\t\t<div class=\"elementor-element elementor-element-2d384d1 elementor-align-center elementor-widget elementor-widget-button\" data-id=\"2d384d1\" data-element_type=\"widget\" data-widget_type=\"button.default\">\n\t\t\t\t<div class=\"elementor-widget-container\">\n\t\t\t\t\t\t\t\t\t<div class=\"elementor-button-wrapper\">\n\t\t\t\t\t<a class=\"elementor-button elementor-button-link elementor-size-md\" href=\"https:\/\/minimabistro.tarnaweb.eu\/index.php\/foglalas\/\">\n\t\t\t\t\t\t<span class=\"elementor-button-content-wrapper\">\n\t\t\t\t\t\t\t\t\t<span class=\"elementor-button-text\">Reservation<\/span>\n\t\t\t\t\t<\/span>\n\t\t\t\t\t<\/a>\n\t\t\t\t<\/div>\n\t\t\t\t\t\t\t\t<\/div>\n\t\t\t\t<\/div>\n\t\t\t\t<div class=\"elementor-element elementor-element-6b2de7b elementor-widget elementor-widget-image\" data-id=\"6b2de7b\" data-element_type=\"widget\" data-widget_type=\"image.default\">\n\t\t\t\t<div class=\"elementor-widget-container\">\n\t\t\t\t\t\t\t\t\t\t\t\t\t\t\t<img decoding=\"async\" src=\"https:\/\/minimabistro.tarnaweb.eu\/wp-content\/uploads\/2022\/10\/fali_icon.webp\" title=\"fali_icon\" alt=\"fali_icon\" loading=\"lazy\" \/>\t\t\t\t\t\t\t\t\t\t\t\t\t\t\t<\/div>\n\t\t\t\t<\/div>\n\t\t\t\t\t<\/div>\n\t\t\t\t<\/div>\n\t\t<div class=\"elementor-element elementor-element-395f06f e-con-full e-flex e-con e-parent\" data-id=\"395f06f\" data-element_type=\"container\" data-settings=\"{&quot;background_background&quot;:&quot;classic&quot;}\">\n\t\t\t\t<\/div>\n\t\t<div class=\"elementor-element elementor-element-3de4159 e-flex e-con-boxed e-con e-parent\" data-id=\"3de4159\" data-element_type=\"container\">\n\t\t\t\t\t<div class=\"e-con-inner\">\n\t\t\t\t<div class=\"elementor-element elementor-element-25b23f0 elementor-widget elementor-widget-heading\" data-id=\"25b23f0\" data-element_type=\"widget\" data-widget_type=\"heading.default\">\n\t\t\t\t<div class=\"elementor-widget-container\">\n\t\t\t\t\t<h2 class=\"elementor-heading-title elementor-size-default\">our chefs<br> L\u00e1szl\u00f3 Cseh,  Roland Weisz<\/h2>\t\t\t\t<\/div>\n\t\t\t\t<\/div>\n\t\t\t\t\t<\/div>\n\t\t\t\t<\/div>\n\t\t<div class=\"elementor-element elementor-element-ba10ead e-con-full e-flex e-con e-parent\" data-id=\"ba10ead\" data-element_type=\"container\" data-settings=\"{&quot;background_background&quot;:&quot;classic&quot;}\">\n\t\t<div class=\"elementor-element elementor-element-55c2d24 e-con-full e-flex e-con e-child\" data-id=\"55c2d24\" data-element_type=\"container\">\n\t\t<div class=\"elementor-element elementor-element-071ecfb e-con-full e-flex e-con e-child\" data-id=\"071ecfb\" data-element_type=\"container\" data-settings=\"{&quot;background_background&quot;:&quot;classic&quot;}\">\n\t\t\t\t<div class=\"elementor-element elementor-element-7239367 elementor--h-position-left elementor--v-position-top elementor-widget__width-initial elementor-pagination-position-inside elementor-widget elementor-widget-slides\" data-id=\"7239367\" data-element_type=\"widget\" data-settings=\"{&quot;navigation&quot;:&quot;dots&quot;,&quot;autoplay&quot;:&quot;yes&quot;,&quot;pause_on_hover&quot;:&quot;yes&quot;,&quot;pause_on_interaction&quot;:&quot;yes&quot;,&quot;autoplay_speed&quot;:5000,&quot;infinite&quot;:&quot;yes&quot;,&quot;transition&quot;:&quot;slide&quot;,&quot;transition_speed&quot;:500}\" data-widget_type=\"slides.default\">\n\t\t\t\t<div class=\"elementor-widget-container\">\n\t\t\t\t\t\t\t\t\t<div class=\"elementor-swiper\">\n\t\t\t\t\t<div class=\"elementor-slides-wrapper elementor-main-swiper swiper\" role=\"region\" aria-roledescription=\"carousel\" aria-label=\"Di\u00e1k\" dir=\"ltr\" data-animation=\"fadeInDown\">\n\t\t\t\t<div class=\"swiper-wrapper elementor-slides\">\n\t\t\t\t\t\t\t\t\t\t<div class=\"elementor-repeater-item-cbc94c4 swiper-slide\" role=\"group\" aria-roledescription=\"slide\"><div class=\"swiper-slide-bg\" role=\"img\"><\/div><div class=\"swiper-slide-inner\" ><div class=\"swiper-slide-contents\"><div class=\"elementor-slide-heading\">L\u00e1szl\u00f3 Cseh<\/div><\/div><\/div><\/div><div class=\"elementor-repeater-item-008601b swiper-slide\" role=\"group\" aria-roledescription=\"slide\"><div class=\"swiper-slide-bg\" role=\"img\"><\/div><div class=\"swiper-slide-inner\" ><div class=\"swiper-slide-contents\"><div class=\"elementor-slide-heading\">Weisz Roland<\/div><\/div><\/div><\/div>\t\t\t\t<\/div>\n\t\t\t\t\t\t\t\t\t\t\t\t\t\t\t\t\t\t\t\t<div class=\"swiper-pagination\"><\/div>\n\t\t\t\t\t\t\t\t\t\t\t\t<\/div>\n\t\t\t\t<\/div>\n\t\t\t\t\t\t\t\t<\/div>\n\t\t\t\t<\/div>\n\t\t\t\t<\/div>\n\t\t\t\t<\/div>\n\t\t<div class=\"elementor-element elementor-element-656cbe2 e-con-full e-flex e-con e-child\" data-id=\"656cbe2\" data-element_type=\"container\">\n\t\t\t\t<div class=\"elementor-element elementor-element-7dbaab9 elementor--h-position-center elementor--v-position-middle elementor-pagination-position-inside elementor-widget elementor-widget-slides\" data-id=\"7dbaab9\" data-element_type=\"widget\" data-settings=\"{&quot;navigation&quot;:&quot;dots&quot;,&quot;autoplay_speed&quot;:25000,&quot;autoplay&quot;:&quot;yes&quot;,&quot;pause_on_hover&quot;:&quot;yes&quot;,&quot;pause_on_interaction&quot;:&quot;yes&quot;,&quot;infinite&quot;:&quot;yes&quot;,&quot;transition&quot;:&quot;slide&quot;,&quot;transition_speed&quot;:500}\" data-widget_type=\"slides.default\">\n\t\t\t\t<div class=\"elementor-widget-container\">\n\t\t\t\t\t\t\t\t\t<div class=\"elementor-swiper\">\n\t\t\t\t\t<div class=\"elementor-slides-wrapper elementor-main-swiper swiper\" role=\"region\" aria-roledescription=\"carousel\" aria-label=\"Di\u00e1k\" dir=\"ltr\" data-animation=\"fadeInUp\">\n\t\t\t\t<div class=\"swiper-wrapper elementor-slides\">\n\t\t\t\t\t\t\t\t\t\t<div class=\"elementor-repeater-item-d01ad28 swiper-slide\" role=\"group\" aria-roledescription=\"slide\"><div class=\"swiper-slide-bg\" role=\"img\"><\/div><div class=\"swiper-slide-inner\" ><div class=\"swiper-slide-contents\"><div class=\"elementor-slide-heading\">L\u00e1szl\u00f3 Cseh<\/div><div class=\"elementor-slide-description\">With more than 40 years of experience as a chef, he has been a member of the Dionysos team for many years and has catered for many Hollywood celebrities, including Harrison Ford, Anthony Hopkins and Ethan Hawke. He has travelled around the Mediterranean for gastronomic inspiration as well as experience. As the chef of M\u00ednima, his goal is to give his guests a taste of the Mediterranean lifestyle and gastronomic freedom.<\/div><\/div><\/div><\/div><div class=\"elementor-repeater-item-b779ba3 swiper-slide\" role=\"group\" aria-roledescription=\"slide\"><div class=\"swiper-slide-bg\" role=\"img\"><\/div><div class=\"swiper-slide-inner\" ><div class=\"swiper-slide-contents\"><div class=\"elementor-slide-heading\">Weisz Roland<\/div><div class=\"elementor-slide-description\">He is not a man of words, but his plates tell the story instead. He has worked his way up through the ranks as both a pastry chef and a chef, and he is well acquainted with the world of French new-wave cakes, but his heart is drawn to the Mediterranean. At M\u00ednima, he can fulfil his desires to be both a pastry chef and a chef, and creatively make Mediterranean-inspired masterpieces.<\/div><\/div><\/div><\/div>\t\t\t\t<\/div>\n\t\t\t\t\t\t\t\t\t\t\t\t\t\t\t\t\t\t\t\t<div class=\"swiper-pagination\"><\/div>\n\t\t\t\t\t\t\t\t\t\t\t\t<\/div>\n\t\t\t\t<\/div>\n\t\t\t\t\t\t\t\t<\/div>\n\t\t\t\t<\/div>\n\t\t\t\t<\/div>\n\t\t\t\t<\/div>\n\t\t<div class=\"elementor-element elementor-element-0053776 e-flex e-con-boxed e-con e-parent\" data-id=\"0053776\" data-element_type=\"container\">\n\t\t\t\t\t<div class=\"e-con-inner\">\n\t\t\t\t<div class=\"elementor-element elementor-element-69cc65d elementor-widget elementor-widget-heading\" data-id=\"69cc65d\" data-element_type=\"widget\" data-widget_type=\"heading.default\">\n\t\t\t\t<div class=\"elementor-widget-container\">\n\t\t\t\t\t<h1 class=\"elementor-heading-title elementor-size-default\">Our mediterranean fusin restaurant<\/h1>\t\t\t\t<\/div>\n\t\t\t\t<\/div>\n\t\t\t\t<div class=\"elementor-element elementor-element-b4499fb elementor-widget elementor-widget-text-editor\" data-id=\"b4499fb\" data-element_type=\"widget\" data-widget_type=\"text-editor.default\">\n\t\t\t\t<div class=\"elementor-widget-container\">\n\t\t\t\t\t\t\t\t\t<p>M\u00ednima Bistro is the manifestation of a longlasting desire of the owner of Dionysos Taverna to not only recall the atmosphere and cuisine of a particular country, but to freely recreate a unique taste experience and a vibe of lifestyle, combining the Mediterranean flavours he has experienced during his travels, which will remain a pleasant memory for our guests even after they have left, and enjoyed the Mediterranean-inspired dishes with the wonderful panoramic view of the Danube.<\/p>\t\t\t\t\t\t\t\t<\/div>\n\t\t\t\t<\/div>\n\t\t<div class=\"elementor-element elementor-element-3f855e1 e-flex e-con-boxed e-con e-child\" data-id=\"3f855e1\" data-element_type=\"container\">\n\t\t\t\t\t<div class=\"e-con-inner\">\n\t\t\t\t<div class=\"elementor-element elementor-element-c09a443 elementor-align-center elementor-widget elementor-widget-button\" data-id=\"c09a443\" data-element_type=\"widget\" data-widget_type=\"button.default\">\n\t\t\t\t<div class=\"elementor-widget-container\">\n\t\t\t\t\t\t\t\t\t<div class=\"elementor-button-wrapper\">\n\t\t\t\t\t<a class=\"elementor-button elementor-button-link elementor-size-md\" href=\"https:\/\/minimabistro.tarnaweb.eu\/en\/menu\/\">\n\t\t\t\t\t\t<span class=\"elementor-button-content-wrapper\">\n\t\t\t\t\t\t\t\t\t<span class=\"elementor-button-text\">Menu<\/span>\n\t\t\t\t\t<\/span>\n\t\t\t\t\t<\/a>\n\t\t\t\t<\/div>\n\t\t\t\t\t\t\t\t<\/div>\n\t\t\t\t<\/div>\n\t\t\t\t\t<\/div>\n\t\t\t\t<\/div>\n\t\t\t\t\t<\/div>\n\t\t\t\t<\/div>\n\t\t<div class=\"elementor-element elementor-element-2a5b097 e-con-full e-flex e-con e-parent\" data-id=\"2a5b097\" data-element_type=\"container\" data-settings=\"{&quot;background_background&quot;:&quot;classic&quot;}\">\n\t\t<div class=\"elementor-element elementor-element-17e60ff e-con-full e-flex e-con e-child\" data-id=\"17e60ff\" data-element_type=\"container\" data-settings=\"{&quot;background_background&quot;:&quot;classic&quot;}\">\n\t\t\t\t<div class=\"elementor-element elementor-element-ad9c4ae elementor--h-position-center elementor--v-position-middle elementor-pagination-position-inside elementor-widget elementor-widget-slides\" data-id=\"ad9c4ae\" data-element_type=\"widget\" data-settings=\"{&quot;navigation&quot;:&quot;dots&quot;,&quot;autoplay_speed&quot;:80000,&quot;transition_speed&quot;:100,&quot;autoplay&quot;:&quot;yes&quot;,&quot;pause_on_hover&quot;:&quot;yes&quot;,&quot;infinite&quot;:&quot;yes&quot;,&quot;transition&quot;:&quot;slide&quot;}\" data-widget_type=\"slides.default\">\n\t\t\t\t<div class=\"elementor-widget-container\">\n\t\t\t\t\t\t\t\t\t<div class=\"elementor-swiper\">\n\t\t\t\t\t<div class=\"elementor-slides-wrapper elementor-main-swiper swiper\" role=\"region\" aria-roledescription=\"carousel\" aria-label=\"Di\u00e1k\" dir=\"ltr\" data-animation=\"fadeInUp\">\n\t\t\t\t<div class=\"swiper-wrapper elementor-slides\">\n\t\t\t\t\t\t\t\t\t\t<div class=\"elementor-repeater-item-d01ad28 swiper-slide\" role=\"group\" aria-roledescription=\"slide\"><div class=\"swiper-slide-bg\" role=\"img\"><\/div><div class=\"swiper-slide-inner\" ><div class=\"swiper-slide-contents\"><div class=\"elementor-slide-heading\">M\u00e1ria Sz\u0171cs<\/div><div class=\"elementor-slide-description\">As a child she was already fascinated by the Greek way of life and culture, which she combined with her professional catering skills during her years as a student of the chef Uncle Laci Benke and during her work at Dionysos Taverna, so it is important to her that M\u00ednima Bistro offers not just quality services, but an unforgettable and soul-stimulating experience for its guests.<\/div><\/div><\/div><\/div><div class=\"elementor-repeater-item-b779ba3 swiper-slide\" role=\"group\" aria-roledescription=\"slide\"><div class=\"swiper-slide-bg\" role=\"img\"><\/div><div class=\"swiper-slide-inner\" ><div class=\"swiper-slide-contents\"><div class=\"elementor-slide-heading\">Benj\u00e1min  Kreutz(Beni)<\/div><div class=\"elementor-slide-description\">He experienced every step of the catering profession and then followed his mentor, our chef L\u00e1szl\u00f3 Cseh, to join the team. For him, communicating with guests and expressing hospitality is a priority, which he sees as an opportunity for self-improvement, and for which M\u00ednima Bistro is happy to provide.<\/div><\/div><\/div><\/div>\t\t\t\t<\/div>\n\t\t\t\t\t\t\t\t\t\t\t\t\t\t\t\t\t\t\t\t<div class=\"swiper-pagination\"><\/div>\n\t\t\t\t\t\t\t\t\t\t\t\t<\/div>\n\t\t\t\t<\/div>\n\t\t\t\t\t\t\t\t<\/div>\n\t\t\t\t<\/div>\n\t\t\t\t<\/div>\n\t\t<div class=\"elementor-element elementor-element-38e98ce e-con-full e-flex e-con e-child\" data-id=\"38e98ce\" data-element_type=\"container\">\n\t\t<div class=\"elementor-element elementor-element-217ca26 e-con-full e-flex e-con e-child\" data-id=\"217ca26\" data-element_type=\"container\" data-settings=\"{&quot;background_background&quot;:&quot;classic&quot;}\">\n\t\t\t\t<div class=\"elementor-element elementor-element-cadee1a elementor--h-position-left elementor--v-position-top elementor-widget__width-initial elementor-pagination-position-inside elementor-widget elementor-widget-slides\" data-id=\"cadee1a\" data-element_type=\"widget\" data-settings=\"{&quot;navigation&quot;:&quot;dots&quot;,&quot;autoplay&quot;:&quot;yes&quot;,&quot;autoplay_speed&quot;:5000,&quot;infinite&quot;:&quot;yes&quot;,&quot;transition&quot;:&quot;slide&quot;,&quot;transition_speed&quot;:500}\" data-widget_type=\"slides.default\">\n\t\t\t\t<div class=\"elementor-widget-container\">\n\t\t\t\t\t\t\t\t\t<div class=\"elementor-swiper\">\n\t\t\t\t\t<div class=\"elementor-slides-wrapper elementor-main-swiper swiper\" role=\"region\" aria-roledescription=\"carousel\" aria-label=\"Di\u00e1k\" dir=\"ltr\" data-animation=\"fadeInDown\">\n\t\t\t\t<div class=\"swiper-wrapper elementor-slides\">\n\t\t\t\t\t\t\t\t\t\t<div class=\"elementor-repeater-item-cbc94c4 swiper-slide\" role=\"group\" aria-roledescription=\"slide\"><div class=\"swiper-slide-bg\" role=\"img\"><\/div><div class=\"swiper-slide-inner\" ><div class=\"swiper-slide-contents\"><div class=\"elementor-slide-heading\">M\u00e1ria Sz\u0171cs<\/div><\/div><\/div><\/div><div class=\"elementor-repeater-item-008601b swiper-slide\" role=\"group\" aria-roledescription=\"slide\"><div class=\"swiper-slide-bg\" role=\"img\"><\/div><div class=\"swiper-slide-inner\" ><div class=\"swiper-slide-contents\"><div class=\"elementor-slide-heading\">Benj\u00e1min  Kreutz(Beni)<\/div><\/div><\/div><\/div>\t\t\t\t<\/div>\n\t\t\t\t\t\t\t\t\t\t\t\t\t\t\t\t\t\t\t\t<div class=\"swiper-pagination\"><\/div>\n\t\t\t\t\t\t\t\t\t\t\t\t<\/div>\n\t\t\t\t<\/div>\n\t\t\t\t\t\t\t\t<\/div>\n\t\t\t\t<\/div>\n\t\t\t\t<\/div>\n\t\t\t\t<\/div>\n\t\t\t\t<\/div>\n\t\t<div class=\"elementor-element elementor-element-2a58eae e-flex e-con-boxed e-con e-parent\" data-id=\"2a58eae\" data-element_type=\"container\">\n\t\t\t\t\t<div class=\"e-con-inner\">\n\t\t\t\t\t<\/div>\n\t\t\t\t<\/div>\n\t\t<div class=\"elementor-element elementor-element-feb110d e-flex e-con-boxed e-con e-parent\" data-id=\"feb110d\" data-element_type=\"container\">\n\t\t\t\t\t<div class=\"e-con-inner\">\n\t\t\t\t<div class=\"elementor-element elementor-element-0bdca62 elementor-blockquote--skin-quotation elementor-blockquote--align-center elementor-widget elementor-widget-blockquote\" data-id=\"0bdca62\" data-element_type=\"widget\" data-widget_type=\"blockquote.default\">\n\t\t\t\t<div class=\"elementor-widget-container\">\n\t\t\t\t\t\t\t<blockquote class=\"elementor-blockquote\">\n\t\t\t<p class=\"elementor-blockquote__content\">\n\t\t\t\tA little gem in the bustling city, the restaurant is amazingly beautiful, the staff is fantastic, the food is excellent.\t\t\t<\/p>\n\t\t\t\t\t\t\t<div class=\"e-q-footer\">\n\t\t\t\t\t\t\t\t\t\t\t<cite class=\"elementor-blockquote__author\">Andrea G\u00e1bri<\/cite>\n\t\t\t\t\t\t\t\t\t\t\t\t\t\t<\/div>\n\t\t\t\t\t<\/blockquote>\n\t\t\t\t\t\t<\/div>\n\t\t\t\t<\/div>\n\t\t\t\t\t<\/div>\n\t\t\t\t<\/div>\n\t\t<div class=\"elementor-element elementor-element-d0a0932 e-con-full e-flex e-con e-parent\" data-id=\"d0a0932\" data-element_type=\"container\" data-settings=\"{&quot;background_background&quot;:&quot;classic&quot;}\">\n\t\t\t\t<\/div>\n\t\t<div class=\"elementor-element elementor-element-62e110b e-flex e-con-boxed e-con e-parent\" data-id=\"62e110b\" data-element_type=\"container\">\n\t\t\t\t\t<div class=\"e-con-inner\">\n\t\t<div class=\"elementor-element elementor-element-439ea05 e-flex e-con-boxed e-con e-child\" data-id=\"439ea05\" data-element_type=\"container\">\n\t\t\t\t\t<div class=\"e-con-inner\">\n\t\t\t\t<div class=\"elementor-element elementor-element-918cd26 elementor-widget elementor-widget-heading\" data-id=\"918cd26\" data-element_type=\"widget\" data-widget_type=\"heading.default\">\n\t\t\t\t<div class=\"elementor-widget-container\">\n\t\t\t\t\t<h2 class=\"elementor-heading-title elementor-size-default\">Newsletter<\/h2>\t\t\t\t<\/div>\n\t\t\t\t<\/div>\n\t\t\t\t<div class=\"elementor-element elementor-element-ab8caf2 elementor-widget elementor-widget-text-editor\" data-id=\"ab8caf2\" data-element_type=\"widget\" data-widget_type=\"text-editor.default\">\n\t\t\t\t<div class=\"elementor-widget-container\">\n\t\t\t\t\t\t\t\t\t<p><span style=\"color: #000000; font-family: Arial, Verdana, sans-serif; letter-spacing: normal; text-align: justify;\">Subscribe to our newsletter to get firsthand information about our news!<\/span><\/p>\t\t\t\t\t\t\t\t<\/div>\n\t\t\t\t<\/div>\n\t\t\t\t\t<\/div>\n\t\t\t\t<\/div>\n\t\t\t\t\t<\/div>\n\t\t\t\t<\/div>\n\t\t\t\t<\/div>","protected":false},"excerpt":{"rendered":"<p>tel: +36 70 304 5375 1056 Budapest, Belgr\u00e1d rkp. 12. reservation@minimabistro.tarnaweb.eu Filoz\u00f3fi\u00e1nk A m\u00ednima g\u00f6r\u00f6g eredet\u0171 sz\u00f3, melynek jelent\u00e9se \u00fczenet, amellyel c\u00e9lunk a hat\u00e1rtalan mediterr\u00e1n gasztron\u00f3mia soksz\u00edn\u0171 \u00e9s \u00edzletes nyelv\u00e9n kommunik\u00e1lni \u00a0a vend\u00e9gek fel\u00e9. K\u00fcldet\u00e9s\u00fcnknek tekintj\u00fck, hogy aki bet\u00e9r hozz\u00e1nk, tapasztalja meg ezt az \u00e9lm\u00e9nyt, k\u00fcl\u00f6nleges f\u00fazi\u00f3s fog\u00e1sainkban \u00e9s vend\u00e9gszeretet\u00fcnkben, melyet h\u00edr\u00fcl vihetnek. Asztalfoglal\u00e1s S\u00e9feink &#8230; <a title=\"minima bistro \u00e9tterm\" class=\"read-more\" href=\"https:\/\/minimabistro.tarnaweb.eu\/en\/\" aria-label=\"Read more about minima bistro \u00e9tterm\">Read more<\/a><\/p>","protected":false},"author":1,"featured_media":2517,"parent":0,"menu_order":0,"comment_status":"closed","ping_status":"closed","template":"","meta":{"_acf_changed":false,"_seopress_robots_primary_cat":"","_seopress_titles_title":"M\u00ednima Bistro \u00c9tterem - mediterr\u00e1n ihlet\u00e9s\u0171 f\u00fazi\u00f3s \u00e9telek","_seopress_titles_desc":"Budapest belv\u00e1ros\u00e1ban mediterr\u00e1n f\u00fazi\u00f3s \u00e9tterem. Dunaparti panor\u00e1m\u00e1val a  a Belgr\u00e1d rakparton. Asztalfoglal\u00e1s. 36 70 304 5375","_seopress_robots_index":"","_lmt_disableupdate":"no","_lmt_disable":"","footnotes":""},"class_list":["post-18","page","type-page","status-publish","has-post-thumbnail"],"acf":[],"_links":{"self":[{"href":"https:\/\/minimabistro.tarnaweb.eu\/en\/wp-json\/wp\/v2\/pages\/18","targetHints":{"allow":["GET"]}}],"collection":[{"href":"https:\/\/minimabistro.tarnaweb.eu\/en\/wp-json\/wp\/v2\/pages"}],"about":[{"href":"https:\/\/minimabistro.tarnaweb.eu\/en\/wp-json\/wp\/v2\/types\/page"}],"author":[{"embeddable":true,"href":"https:\/\/minimabistro.tarnaweb.eu\/en\/wp-json\/wp\/v2\/users\/1"}],"replies":[{"embeddable":true,"href":"https:\/\/minimabistro.tarnaweb.eu\/en\/wp-json\/wp\/v2\/comments?post=18"}],"version-history":[{"count":0,"href":"https:\/\/minimabistro.tarnaweb.eu\/en\/wp-json\/wp\/v2\/pages\/18\/revisions"}],"wp:featuredmedia":[{"embeddable":true,"href":"https:\/\/minimabistro.tarnaweb.eu\/en\/wp-json\/wp\/v2\/media\/2517"}],"wp:attachment":[{"href":"https:\/\/minimabistro.tarnaweb.eu\/en\/wp-json\/wp\/v2\/media?parent=18"}],"curies":[{"name":"wp","href":"https:\/\/api.w.org\/{rel}","templated":true}]}}